{"id":11410,"date":"2016-12-05T16:27:32","date_gmt":"2016-12-05T16:27:32","guid":{"rendered":"https:\/\/clany.vamtam.com\/?page_id=11410"},"modified":"2026-04-09T15:38:21","modified_gmt":"2026-04-09T15:38:21","slug":"about","status":"publish","type":"page","link":"https:\/\/magyartfe.hu\/en\/","title":{"rendered":"About"},"content":{"rendered":"<div class=\"vgblk-rw-wrapper limit-wrapper\"><h1>\n\t\tMagyar Tehets\u00e9gkutat\u00f3 \u00e9s Fejleszt\u0151 Egyes\u00fclet\n\t<\/h1>\n\t\t\t<a href=\"https:\/\/magyartfe.hu\/wp-content\/uploads\/2026\/04\/abauji_remenysegek_komplex_fejlesztoprogram.pdf\" target=\"_blank\" role=\"button\" rel=\"noopener\">\n\t\t\t\t\t\t\tAba\u00faji Rem\u00e9nys\u00e9gek Komplex Fejleszt\u0151program Jelentkez\u00e9s\n\t\t\t<\/a>\n\t\t\t<a href=\"https:\/\/magyartfe.hu\/en\/\" target=\"_self\" role=\"button\" rel=\"noopener\">\n\t\t\t\t\t\t\tSupporting the Association\n\t\t\t<\/a>\n<h3>\n\t\tMagyar Tehets\u00e9gkutat\u00f3 \u00e9s Fejleszt\u0151 Egyes\u00fclet\n\t<\/h3>\n\t\t\t<a href=\"https:\/\/magyartfe.hu\/wp-content\/uploads\/2026\/04\/abauji_remenysegek_komplex_fejlesztoprogram.pdf\" target=\"_blank\" role=\"button\" rel=\"noopener\">\n\t\t\t\t\t\t\tAba\u00faji Rem\u00e9nys\u00e9gek Komplex Fejleszt\u0151program Jelentkez\u00e9s\n\t\t\t<\/a>\n\t\t\t<a href=\"https:\/\/magyartfe.hu\/en\/\" target=\"_self\" role=\"button\" rel=\"noopener\">\n\t\t\t\t\t\t\tSupporting the Association\n\t\t\t<\/a>\n<h2>\n\t\tIntroduction\n\t<\/h2>\n<h3>\n\t\tIntroduction\n\t<\/h3>\n\t<p><strong>The Hungarian Talent Research and Development Association was\nestablished on January 25, 2020, with the aim of working for a noble\ncause in Hungary.<\/strong><\/p>\n\t<p><strong>The association&#039;s goals are as follows:<\/strong><\/p>\n&#8211; tehets\u00e9gkiv\u00e1laszt\u00e1s,<br \/>\n&#8211; mentor\u00e1l\u00e1s,<br \/>\n&#8211; oktat\u00e1sfejleszt\u00e9s,<br \/>\n&#8211; kultur\u00e1lis szem\u00e9letform\u00e1l\u00e1s,<br \/>\n&#8211; sportfejleszt\u00e9s,<br \/>\n&#8211; innov\u00e1ci\u00f3s technol\u00f3gi\u00e1k bevezet\u00e9se, n\u00e9pszer\u0171s\u00edt\u00e9se.\nA fiatalok prevenci\u00f3s \u00f6nm\u0171vel\u00e9s\u00e9nek \u00e9s nevel\u00e9s\u00e9nek seg\u00edt\u00e9se annak \u00e9rdek\u00e9ben, hogy a<br \/>\n.\n<p><strong>The association primarily aims to provide assistance to every Hungarian\nyouth in:<\/strong><\/p>\n&#8211; p\u00e1lyav\u00e1laszt\u00e1sban,<br \/>\n&#8211; a felkutatott tehets\u00e9gek t\u00e1mogat\u00e1s\u00e1ban, el\u0151menetel\u00fck seg\u00edts\u00e9g\u00e9ben,<br \/>\n&#8211; a felel\u0151ss\u00e9gteljes gondolkod\u00e1sm\u00f3d kialak\u00edt\u00e1s\u00e1ban, szellemi l\u00e1t\u00f3k\u00f6r\u00fck sz\u00e9les\u00edt\u00e9s\u00e9ben,<br \/>\n&#8211; az eg\u00e9szs\u00e9ges, rendezett, k\u00f6rnyezettudatos \u00e9letm\u00f3d kialak\u00edt\u00e1s\u00e1ban,<br \/>\n&#8211; a szoci\u00e1lis k\u00e9szs\u00e9gek \u00e9s k\u00e9pess\u00e9gek fejleszt\u00e9s\u00e9ben,<br \/>\n&#8211; a szabadid\u0151 \u00e9rt\u00e9kes elt\u00f6lt\u00e9s\u00e9ben, k\u00fcl\u00f6n\u00f6s tekintettel a sport \u00e9s a kult\u00fara \u00e1pol\u00e1s\u00e1ra \u00e9s<br \/>\n- Creating regional small communities.<br \/>\n&#8211; a region\u00e1lis kisk\u00f6z\u00f6ss\u00e9gek kialak\u00edt\u00e1s\u00e1ban.\n\t\t\t\t\t\t\t\t\t\t<img loading=\"lazy\" src=\"https:\/\/magyartfe.hu\/wp-content\/uploads\/2022\/10\/element5-digital-OyCl7Y4y0Bk-unsplash-scaled.jpg\" alt=\"element5-digital-OyCl7Y4y0Bk-unsplash\" itemprop=\"image\" height=\"1807\" width=\"2560\" title=\"element5-digital-OyCl7Y4y0Bk-unsplash\" onerror=\"this.style.display='none'\"  sizes=\"(max-width: 768px) 100vw, 100vw\" srcset=\"data:image\/svg+xml;utf8,&lt;svg%20xmlns=&quot;http:\/\/www.w3.org\/2000\/svg&quot;%20viewBox=&quot;0%200%202560%201807&quot;%20height=&quot;1807px&quot;%20width=&quot;2560px&quot;\/&gt;\" data-srcset=\"https:\/\/magyartfe.hu\/wp-content\/uploads\/2022\/10\/element5-digital-OyCl7Y4y0Bk-unsplash-scaled.jpg 2560w, https:\/\/magyartfe.hu\/wp-content\/uploads\/2022\/10\/element5-digital-OyCl7Y4y0Bk-unsplash-300x212.jpg 300w, https:\/\/magyartfe.hu\/wp-content\/uploads\/2022\/10\/element5-digital-OyCl7Y4y0Bk-unsplash-1024x723.jpg 1024w, https:\/\/magyartfe.hu\/wp-content\/uploads\/2022\/10\/element5-digital-OyCl7Y4y0Bk-unsplash-768x542.jpg 768w, https:\/\/magyartfe.hu\/wp-content\/uploads\/2022\/10\/element5-digital-OyCl7Y4y0Bk-unsplash-1536x1084.jpg 1536w, https:\/\/magyartfe.hu\/wp-content\/uploads\/2022\/10\/element5-digital-OyCl7Y4y0Bk-unsplash-2048x1446.jpg 2048w, https:\/\/magyartfe.hu\/wp-content\/uploads\/2022\/10\/element5-digital-OyCl7Y4y0Bk-unsplash-1260x890.jpg 1260w, https:\/\/magyartfe.hu\/wp-content\/uploads\/2022\/10\/element5-digital-OyCl7Y4y0Bk-unsplash-630x445.jpg 630w, https:\/\/magyartfe.hu\/wp-content\/uploads\/2022\/10\/element5-digital-OyCl7Y4y0Bk-unsplash-420x297.jpg 420w, https:\/\/magyartfe.hu\/wp-content\/uploads\/2022\/10\/element5-digital-OyCl7Y4y0Bk-unsplash-840x593.jpg 840w, https:\/\/magyartfe.hu\/wp-content\/uploads\/2022\/10\/element5-digital-OyCl7Y4y0Bk-unsplash-315x222.jpg 315w\" \/>\t\t\t\t\t\t\t\n<h2>\n\t\tThe Activities of the Association\n\t<\/h2>\n<h3>\n\t\tThe Activities of the Association\n\t<\/h3>\n\t<p><img loading=\"lazy\" src=\"http:\/\/magyartfe.hu\/wp-content\/uploads\/2022\/10\/right-300x286.png\" alt=\"\" width=\"18\" height=\"286\" \/> - Organizing and conducting camps for leisure and hobbies and sports\nopportunities;<\/p>\n<p><img loading=\"lazy\" src=\"http:\/\/magyartfe.hu\/wp-content\/uploads\/2022\/10\/right-300x286.png\" alt=\"\" width=\"18\" height=\"286\" \/> - Organizing and conducting regional meetings;<\/p>\n<p><img loading=\"lazy\" src=\"http:\/\/magyartfe.hu\/wp-content\/uploads\/2022\/10\/right-300x286.png\" alt=\"\" width=\"18\" height=\"286\" \/> a nemzetk\u00f6zi tev\u00e9kenys\u00e9g k\u00f6r\u00e9ben a nemzetk\u00f6zi kapcsolatok ki\u00e9p\u00edt\u00e9se \u00e9s \u00e1pol\u00e1sa,nemzetk\u00f6zi tal\u00e1lkoz\u00f3k szervez\u00e9se \u00e9s lebonyol\u00edt\u00e1sa;<\/p>\n<p><img loading=\"lazy\" src=\"http:\/\/magyartfe.hu\/wp-content\/uploads\/2022\/10\/right-300x286.png\" alt=\"\" width=\"18\" height=\"286\" \/> - Introducing Hungarian sports and culture to foreign youth;<\/p>\n<p><img loading=\"lazy\" src=\"http:\/\/magyartfe.hu\/wp-content\/uploads\/2022\/10\/right-300x286.png\" alt=\"\" width=\"18\" height=\"286\" \/> - Promoting European values;<\/p>\n<p><img loading=\"lazy\" src=\"http:\/\/magyartfe.hu\/wp-content\/uploads\/2022\/10\/right-300x286.png\" alt=\"\" width=\"18\" height=\"286\" \/> - Introducing, fostering and embracing international cultures;<\/p>\n<p><img loading=\"lazy\" src=\"http:\/\/magyartfe.hu\/wp-content\/uploads\/2022\/10\/right-300x286.png\" alt=\"\" width=\"18\" height=\"286\" \/> - Seeking and identifying talented youth in specific subjects;<\/p>\n<p><img loading=\"lazy\" src=\"http:\/\/magyartfe.hu\/wp-content\/uploads\/2022\/10\/right-300x286.png\" alt=\"\" width=\"18\" height=\"286\" \/> - Recruiting young talents in the field of arts;<\/p>\n<p><img loading=\"lazy\" src=\"http:\/\/magyartfe.hu\/wp-content\/uploads\/2022\/10\/right-300x286.png\" alt=\"\" width=\"18\" height=\"286\" \/> - Establishing mental and emotional balance in the lives of young people;<\/p>\n<img loading=\"lazy\" src=\"http:\/\/magyartfe.hu\/wp-content\/uploads\/2022\/10\/right-300x286.png\" alt=\"\" width=\"18\" height=\"286\" \/> - Managing the pressure to conform created by the performance-centric\nsystem;<br \/>\n<br>\n<img loading=\"lazy\" src=\"http:\/\/magyartfe.hu\/wp-content\/uploads\/2022\/10\/right-300x286.png\" alt=\"\" width=\"18\" height=\"286\" \/> - Resolving and addressing mental issues caused by Covid, and learning to\nhandle them using alternative techniques;<br \/>\n<br>\n<p><img loading=\"lazy\" src=\"http:\/\/magyartfe.hu\/wp-content\/uploads\/2022\/10\/right-300x286.png\" alt=\"\" width=\"18\" height=\"286\" \/> - Addressing and managing the addiction to opinions formed on social\nmedia platforms;<\/p>\n<p><img loading=\"lazy\" src=\"http:\/\/magyartfe.hu\/wp-content\/uploads\/2022\/10\/right-300x286.png\" alt=\"\" width=\"18\" height=\"286\" \/> - Organizing and conducting national professional meetings;<\/p>\n\t<p><img loading=\"lazy\" src=\"http:\/\/magyartfe.hu\/wp-content\/uploads\/2022\/10\/right-300x286.png\" alt=\"\" width=\"18\" height=\"286\" \/>- Harmonizing student commitments and competitive sports for the\ndevelopment of existing professional knowledge;<\/p>\n<p><img loading=\"lazy\" src=\"http:\/\/magyartfe.hu\/wp-content\/uploads\/2022\/10\/right-300x286.png\" alt=\"\" width=\"18\" height=\"286\" \/> a tehets\u00e9gek felkutat\u00e1sa \u00e9rdek\u00e9ben egy\u00fcttm\u0171k\u00f6d\u00e9s a civil \u00e9let meghat\u00e1roz\u00f3 hazai \u00e9s nemzetk\u00f6zi szerepl\u0151ivel,<\/p>\n<p class=\" translation-block\"><img loading=\"lazy\" src=\"https:\/\/magyartfe.hu\/wp-content\/uploads\/2022\/10\/right-300x286.png\" alt=\"\" width=\"18\" height=\"286\" class=\"alignnone size-medium wp-image-18515\">- Broadening the horizons of Association members and that of participants\nin its programs; promoting and passing on culture, as well as introducing\nand promoting to embrace other cultures;<\/p>\n<p><img loading=\"lazy\" src=\"http:\/\/magyartfe.hu\/wp-content\/uploads\/2022\/10\/right-300x286.png\" alt=\"\" width=\"18\" height=\"286\" \/> az oktat\u00e1si tev\u00e9kenys\u00e9g k\u00f6r\u00e9ben az \u00f6nm\u0171vel\u00e9s, \u00f6nk\u00e9pz\u00e9s, pedag\u00f3giai \u00e9s \u00e9letm\u00f3d el\u0151ad\u00e1ssorozatok \u00e9s m\u0171helyek szervez\u00e9se \u00e9s lebonyol\u00edt\u00e1sa;<\/p>\n<p><img loading=\"lazy\" src=\"http:\/\/magyartfe.hu\/wp-content\/uploads\/2022\/10\/right-300x286.png\" alt=\"\" width=\"18\" height=\"286\" \/> - Educating on environmentally conscious living and the protection of\nnature;<\/p>\n<p><img loading=\"lazy\" src=\"http:\/\/magyartfe.hu\/wp-content\/uploads\/2022\/10\/right-300x286.png\" alt=\"\" width=\"18\" height=\"286\" \/> - Education on family life;<\/p>\n<p><img loading=\"lazy\" src=\"http:\/\/magyartfe.hu\/wp-content\/uploads\/2022\/10\/right-300x286.png\" alt=\"\" width=\"18\" height=\"286\" \/> - Prevention in the field of addiction disorders;<\/p>\n<p><img loading=\"lazy\" src=\"http:\/\/magyartfe.hu\/wp-content\/uploads\/2022\/10\/right-300x286.png\" alt=\"\" width=\"18\" height=\"286\" \/> - Education on a sporty and healthy lifestyle;<\/p>\n<img loading=\"lazy\" src=\"http:\/\/magyartfe.hu\/wp-content\/uploads\/2022\/10\/right-300x286.png\" alt=\"\" width=\"18\" height=\"286\" \/> az Egyes\u00fclet tagjainak k\u00e9szs\u00e9gfejleszt\u00e9se \u00e9s a szabadid\u0151 \u00e9rt\u00e9kes elt\u00f6lt\u00e9s\u00e9re val\u00f3 nevel\u00e9s;<br \/>\n<img loading=\"lazy\" src=\"http:\/\/magyartfe.hu\/wp-content\/uploads\/2022\/10\/right-300x286.png\" alt=\"\" width=\"18\" height=\"286\" \/> - Developing school and higher education sports engagement through\norganized programs;\n<p><img loading=\"lazy\" src=\"http:\/\/magyartfe.hu\/wp-content\/uploads\/2022\/10\/right-300x286.png\" alt=\"\" width=\"18\" height=\"286\" \/> - Participation in and promotion of charitable activities.<\/p>\n<p><img loading=\"lazy\" src=\"http:\/\/magyartfe.hu\/wp-content\/uploads\/2022\/10\/right-300x286.png\" alt=\"\" width=\"18\" height=\"286\" \/> - Organizing and conducting international meetings;<\/p>\n\t\t\t\t\t\t\t\t\t\t<img loading=\"lazy\" src=\"https:\/\/magyartfe.hu\/wp-content\/uploads\/2022\/10\/agence-olloweb-Z2ImfOCafFk-unsplash-scaled.jpg\" alt=\"agence-olloweb-Z2ImfOCafFk-unsplash\" itemprop=\"image\" height=\"1700\" width=\"2560\" title=\"agence-olloweb-Z2ImfOCafFk-unsplash\" onerror=\"this.style.display='none'\"  sizes=\"(max-width: 768px) 100vw, 100vw\" srcset=\"data:image\/svg+xml;utf8,&lt;svg%20xmlns=&quot;http:\/\/www.w3.org\/2000\/svg&quot;%20viewBox=&quot;0%200%202560%201700&quot;%20height=&quot;1700px&quot;%20width=&quot;2560px&quot;\/&gt;\" data-srcset=\"https:\/\/magyartfe.hu\/wp-content\/uploads\/2022\/10\/agence-olloweb-Z2ImfOCafFk-unsplash-scaled.jpg 2560w, https:\/\/magyartfe.hu\/wp-content\/uploads\/2022\/10\/agence-olloweb-Z2ImfOCafFk-unsplash-300x199.jpg 300w, https:\/\/magyartfe.hu\/wp-content\/uploads\/2022\/10\/agence-olloweb-Z2ImfOCafFk-unsplash-1024x680.jpg 1024w, https:\/\/magyartfe.hu\/wp-content\/uploads\/2022\/10\/agence-olloweb-Z2ImfOCafFk-unsplash-768x510.jpg 768w, https:\/\/magyartfe.hu\/wp-content\/uploads\/2022\/10\/agence-olloweb-Z2ImfOCafFk-unsplash-1536x1020.jpg 1536w, https:\/\/magyartfe.hu\/wp-content\/uploads\/2022\/10\/agence-olloweb-Z2ImfOCafFk-unsplash-2048x1360.jpg 2048w, https:\/\/magyartfe.hu\/wp-content\/uploads\/2022\/10\/agence-olloweb-Z2ImfOCafFk-unsplash-1260x837.jpg 1260w, https:\/\/magyartfe.hu\/wp-content\/uploads\/2022\/10\/agence-olloweb-Z2ImfOCafFk-unsplash-630x418.jpg 630w, https:\/\/magyartfe.hu\/wp-content\/uploads\/2022\/10\/agence-olloweb-Z2ImfOCafFk-unsplash-420x279.jpg 420w, https:\/\/magyartfe.hu\/wp-content\/uploads\/2022\/10\/agence-olloweb-Z2ImfOCafFk-unsplash-840x558.jpg 840w, https:\/\/magyartfe.hu\/wp-content\/uploads\/2022\/10\/agence-olloweb-Z2ImfOCafFk-unsplash-315x209.jpg 315w\" \/>\t\t\t\t\t\t\t\n\t<p><strong>The main directions of talent development are:<\/strong><\/p>\n&#8211; a speci\u00e1lis k\u00e9pess\u00e9gek fejleszt\u00e9se,<br \/>\n&#8211; az \u00e1ltal\u00e1nos m\u0171velts\u00e9g fejleszt\u00e9se,<br \/>\n&#8211; a tanul\u00e1si strat\u00e9gi\u00e1k fejleszt\u00e9se,<br \/>\n&#8211; a kritikai gondolkod\u00e1s fejleszt\u00e9se,<br \/>\n&#8211; a kommunik\u00e1ci\u00f3 fejleszt\u00e9se,<br \/>\n&#8211; a technikai k\u00e9pess\u00e9gek fejleszt\u00e9se,<br \/>\n&#8211; a szoci\u00e1lis k\u00e9pess\u00e9gek fejleszt\u00e9se<br \/>\n&#8211; a probl\u00e9mamegold\u00f3 gondolkod\u00e1s fejleszt\u00e9se,<br \/>\n&#8211; a sportban val\u00f3 k\u00e9pess\u00e9gek fejleszt\u00e9se.\n<strong><br \/>\nProfessionals involved in the work of the Association:<\/strong>\n&#8211; pszichol\u00f3gus,<br \/>\n&#8211; fejleszt\u0151pedag\u00f3gus,<br \/>\n&#8211; pedag\u00f3gus,<br \/>\n&#8211; k\u00f6zigazgat\u00e1si szakvizsg\u00e1val rendelkez\u0151 szakember,<br \/>\n&#8211; sportszakember,<br \/>\n&#8211; ment\u00e1lterapeuta,<br \/>\n&#8211; informatikai \u00e9s p\u00e9nz\u00fcgyi szakember,<br \/>\n&#8211; k\u00f6rnyezetgazd\u00e1lkod\u00e1si agr\u00e1rm\u00e9rn\u00f6k,<br \/>\n&#8211; sportedz\u0151,<br \/>\n&#8211; k\u00f6zgazd\u00e1sz, kereskedelemi \u00e9s marketing ismeretekkel rendelkez\u0151 szakember,<br \/>\n&#8211; k\u00f6zgazd\u00e1sz, vezet\u00e9s \u00e9s szervez\u00e9s elm\u00e9lettel rendelkez\u0151 szakember,<br \/>\n&#8211; szakk\u00f6zgazd\u00e1sz turisztikai projektmenedzsment v\u00e9gzetts\u00e9ggel.\n<p><strong>Beneficiaries of the support provided by the Association:<\/strong><\/p>\n&#8211; 4-20 \u00e9ves gyermekek, fiatalok,<br \/>\n&#8211; csal\u00e1dok,<br \/>\n&#8211; helyi k\u00f6z\u00f6ss\u00e9gek.\n<h2>\n\t\t\u201cTalent is the ability to realise that which is conceived in the mind.\u201d\n\t<\/h2>\n\t<p>\u201d Francis Scott Fitzgerald. &#8220;<\/p>\n<h3>\n\t\t\u201cTalent is the ability to realise that which is conceived in the mind.\u201d\n\t<\/h3>\n\t<p>\u201d Francis Scott Fitzgerald. &#8220;<\/p>\n\t\t\t\t\t\t\t\t\t\t<img loading=\"lazy\" src=\"https:\/\/magyartfe.hu\/wp-content\/uploads\/2024\/08\/IMG_0369_justeri.jpg\" alt=\"IMG_0369_justeri\" itemprop=\"image\" height=\"973\" width=\"819\" title=\"IMG_0369_justeri\" onerror=\"this.style.display='none'\"  sizes=\"(max-width: 768px) 100vw, 100vw\" srcset=\"data:image\/svg+xml;utf8,&lt;svg%20xmlns=&quot;http:\/\/www.w3.org\/2000\/svg&quot;%20viewBox=&quot;0%200%20819%20973&quot;%20height=&quot;973px&quot;%20width=&quot;819px&quot;\/&gt;\" data-srcset=\"https:\/\/magyartfe.hu\/wp-content\/uploads\/2024\/08\/IMG_0369_justeri.jpg 819w, https:\/\/magyartfe.hu\/wp-content\/uploads\/2024\/08\/IMG_0369_justeri-253x300.jpg 253w, https:\/\/magyartfe.hu\/wp-content\/uploads\/2024\/08\/IMG_0369_justeri-768x912.jpg 768w, https:\/\/magyartfe.hu\/wp-content\/uploads\/2024\/08\/IMG_0369_justeri-10x12.jpg 10w, https:\/\/magyartfe.hu\/wp-content\/uploads\/2024\/08\/IMG_0369_justeri-630x748.jpg 630w, https:\/\/magyartfe.hu\/wp-content\/uploads\/2024\/08\/IMG_0369_justeri-420x499.jpg 420w, https:\/\/magyartfe.hu\/wp-content\/uploads\/2024\/08\/IMG_0369_justeri-315x374.jpg 315w\" \/>\t\t\t\t\t\t\t\n<h2>\n\t\tIntroduction of the President of the\nAssociation\n\t<\/h2>\n<h3>\n\t\tIntroduction of the President of the\nAssociation\n\t<\/h3>\n<h3>\n\t\tErika Farkas\n\t<\/h3>\n<h4>\n\t\tErika Farkas\n\t<\/h4>\n\tBorsod-Aba\u00faj-Zempl\u00e9n megy\u00e9ben kezdtem meg munk\u00e1mat a tanulm\u00e1nyaim ut\u00e1n szoci\u00e1lis \u00e9s titk\u00e1rs\u00e1gi \u00fcgyint\u00e9z\u0151k\u00e9nt. Ezt k\u00f6vet\u0151en oktat\u00e1si koordin\u00e1tork\u00e9nt tev\u00e9kenykedtem egy kist\u00e9rs\u00e9gi t\u00e1rsul\u00e1sban, ahol oktat\u00e1si int\u00e9zm\u00e9nyek szakmai munk\u00e1j\u00e1t seg\u00edtettem. Majd<br \/>\nigazgat\u00f3i titk\u00e1rs\u00e1gvezet\u0151 voltam egy szoci\u00e1lis \u00e9s m\u00f3dszertani int\u00e9zm\u00e9nyben. K\u00e9s\u0151bb egy<br \/>\nkisv\u00e1rosi alap\u00edtv\u00e1ny \u00e9let\u00e9ben vettem r\u00e9szt, ahol egy t\u00f6bb \u00e9ves program keret\u00e9ben<br \/>\nt\u00e1mogathattunk h\u00e1tr\u00e1nyos helyzet\u0171 gyermekeket, tanul\u00f3kat. Itt tan\u00e1csad\u00f3k szakmai<br \/>\nfeladatainak ellen\u0151rz\u00e9s\u00e9vel, p\u00e1ly\u00e1zatok elb\u00edr\u00e1l\u00e1s\u00e1val, koordin\u00e1ci\u00f3val \u00e9s adminisztrat\u00edv<br \/>\nfeladatok ellen\u0151rz\u00e9s\u00e9vel foglalkoztam. Tov\u00e1bbi munk\u00e1m egy c\u00e9g \u00fcgyvezet\u00e9se volt ahol<br \/>\ntan\u00e1csad\u00e1ssal \u00e9s kereskedelmi ter\u00fcleten is tev\u00e9kenykedtem. Ezut\u00e1n a K\u00fclgazdas\u00e1gi \u00e9s<br \/>\nK\u00fcl\u00fcgyminiszt\u00e9rium h\u00e1tt\u00e9rint\u00e9zm\u00e9ny\u00e9ben dolgoztam, mint oktat\u00e1si igazgat\u00f3 helyettes, ahol munkav\u00e1llal\u00f3k k\u00e9pz\u00e9s\u00e9vel foglalkoztunk. K\u00e9s\u0151bb egy sporttal kapcsolatos c\u00e9gben<br \/>\ndolgozhattam c\u00e9gtulajdonosk\u00e9nt, HR- \u00e9s gazdas\u00e1gi vezet\u0151k\u00e9nt.<br \/>\nMunk\u00e1im sor\u00e1n tapasztalatot szerezhettem t\u00f6bb ter\u00fcleten is, melyet az egyes\u00fclet munk\u00e1j\u00e1ban kamatoztatni tudok eln\u00f6kk\u00e9nt.\n<h2>\n\t\tSupporting the Association\n\t<\/h2>\n\tAmennyiben szeretne seg\u00edts\u00e9get ny\u00fajtani az egyes\u00fclet r\u00e9sz\u00e9re, hogy a tehets\u00e9ges gyermekek \u00e9s<br \/>\nfiatalok min\u00e9l nagyobb t\u00e1mogat\u00e1sban r\u00e9szes\u00fcljenek megteheti.\n<strong>Adom\u00e1nyozhat banki \u00e1tutal\u00e1ssal:<\/strong><br \/>\nAz egyes\u00fclet banksz\u00e1mla sz\u00e1ma: 10409015-50526978-76521001<br \/>\nAz egyes\u00fclet banksz\u00e1mla vezet\u0151 p\u00e9nzint\u00e9zete: K&amp;H Bank Zrt.\n<strong>Adom\u00e1nyozhat szem\u00e9lyesen:<\/strong><br \/>\nInform\u00e1ci\u00f3 k\u00e9rhet\u0151:<br \/>\n1. Farkas Erika \u2013 eln\u00f6k +36 20\u00a0255 5150<br \/>\n2. Az egyes\u00fclet telefonsz\u00e1ma: +36 70\u00a0576 6922\n<h3>\n\t\tSupporting the Association\n\t<\/h3>\n\tAmennyiben szeretne seg\u00edts\u00e9get ny\u00fajtani az egyes\u00fclet r\u00e9sz\u00e9re, hogy a tehets\u00e9ges gyermekek \u00e9s<br \/>\nfiatalok min\u00e9l nagyobb t\u00e1mogat\u00e1sban r\u00e9szes\u00fcljenek megteheti.\n<strong>Adom\u00e1nyozhat banki \u00e1tutal\u00e1ssal:<\/strong><br \/>\nAz egyes\u00fclet banksz\u00e1mla sz\u00e1ma: 10409015-50526978-76521001<br \/>\nAz egyes\u00fclet banksz\u00e1mla vezet\u0151 p\u00e9nzint\u00e9zete: K&amp;H Bank Zrt.\n<strong>Adom\u00e1nyozhat szem\u00e9lyesen:<\/strong><br \/>\nInform\u00e1ci\u00f3 k\u00e9rhet\u0151:<br \/>\n1. Farkas Erika \u2013 eln\u00f6k +36 20\u00a0255 5150<br \/>\n2. Az egyes\u00fclet telefonsz\u00e1ma: +36 70\u00a0576 6922\n<h2>\n\t\tContact\n\t<\/h2>\n<h3>\n\t\tContact\n\t<\/h3>\n\t<strong>Az egyes\u00fclet neve:<\/strong> Magyar Tehets\u00e9gkutat\u00f3 \u00e9s Fejleszt\u0151 Egyes\u00fclet<br \/>\n<strong>Az egyes\u00fclet r\u00f6vid\u00edtett neve: <\/strong>MTFE<br \/>\n<strong>Az egyes\u00fclet ad\u00f3sz\u00e1ma: <\/strong>19249124-1-41<br \/>\n<strong>Az egyes\u00fclet nyilv\u00e1ntart\u00e1si sz\u00e1ma: <\/strong>01-02-0017403<br \/>\n<strong>Az egyes\u00fclet sz\u00e9khelye: <\/strong>1137 Budapest, Szent Istv\u00e1n park 35. VI\/1.<br \/>\n<strong>Az egyes\u00fclet telefonsz\u00e1ma: <\/strong>+36 70\u00a0576 6922<br \/>\n<strong>Az egyes\u00fclet e-mail c\u00edme: <\/strong>magyartfe@gmail.com\n<p><strong>President of the Association<\/strong><\/p>\nErika Farkas<br \/>\n<em>+36 70\u00a0576 6922<\/em><br \/>\n<em>+36 20\u00a0255 5150<\/em><strong>\n\t\t\t\t\t\t\t\t\t\t<img loading=\"lazy\" src=\"https:\/\/magyartfe.hu\/wp-content\/uploads\/2022\/10\/jess-bailey-q10VITrVYUM-unsplash-scaled.jpg\" alt=\"jess-bailey-q10VITrVYUM-unsplash\" itemprop=\"image\" height=\"1920\" width=\"2560\" title=\"jess-bailey-q10VITrVYUM-unsplash\" onerror=\"this.style.display='none'\"  sizes=\"(max-width: 768px) 100vw, 100vw\" srcset=\"data:image\/svg+xml;utf8,&lt;svg%20xmlns=&quot;http:\/\/www.w3.org\/2000\/svg&quot;%20viewBox=&quot;0%200%202560%201920&quot;%20height=&quot;1920px&quot;%20width=&quot;2560px&quot;\/&gt;\" data-srcset=\"https:\/\/magyartfe.hu\/wp-content\/uploads\/2022\/10\/jess-bailey-q10VITrVYUM-unsplash-scaled.jpg 2560w, https:\/\/magyartfe.hu\/wp-content\/uploads\/2022\/10\/jess-bailey-q10VITrVYUM-unsplash-300x225.jpg 300w, https:\/\/magyartfe.hu\/wp-content\/uploads\/2022\/10\/jess-bailey-q10VITrVYUM-unsplash-1024x768.jpg 1024w, https:\/\/magyartfe.hu\/wp-content\/uploads\/2022\/10\/jess-bailey-q10VITrVYUM-unsplash-768x576.jpg 768w, https:\/\/magyartfe.hu\/wp-content\/uploads\/2022\/10\/jess-bailey-q10VITrVYUM-unsplash-1536x1152.jpg 1536w, https:\/\/magyartfe.hu\/wp-content\/uploads\/2022\/10\/jess-bailey-q10VITrVYUM-unsplash-2048x1536.jpg 2048w, https:\/\/magyartfe.hu\/wp-content\/uploads\/2022\/10\/jess-bailey-q10VITrVYUM-unsplash-1260x945.jpg 1260w, https:\/\/magyartfe.hu\/wp-content\/uploads\/2022\/10\/jess-bailey-q10VITrVYUM-unsplash-630x472.jpg 630w, https:\/\/magyartfe.hu\/wp-content\/uploads\/2022\/10\/jess-bailey-q10VITrVYUM-unsplash-420x315.jpg 420w, https:\/\/magyartfe.hu\/wp-content\/uploads\/2022\/10\/jess-bailey-q10VITrVYUM-unsplash-840x630.jpg 840w, https:\/\/magyartfe.hu\/wp-content\/uploads\/2022\/10\/jess-bailey-q10VITrVYUM-unsplash-315x236.jpg 315w\" \/>\t\t\t\t\t\t\t\n<\/div><!-- .vgblk-rw-wrapper -->","protected":false},"excerpt":{"rendered":"<p>Magyar Tehets\u00e9gkutat\u00f3 \u00e9s Fejleszt\u0151 Egyes\u00fclet Aba\u00faji Rem\u00e9nys\u00e9gek Komplex Fejleszt\u0151program Jelentkez\u00e9s T\u00e1mogat\u00e1s Magyar Tehets\u00e9gkutat\u00f3 \u00e9s Fejleszt\u0151 Egyes\u00fclet Aba\u00faji Rem\u00e9nys\u00e9gek Komplex Fejleszt\u0151program Jelentkez\u00e9s T\u00e1mogat\u00e1s Bemutatkoz\u00e1s Bemutatkoz\u00e1s A Magyar Tehets\u00e9gkutat\u00f3 \u00e9s Fejleszt\u0151 Egyes\u00fclet 2020. janu\u00e1r 25. napj\u00e1n j\u00f6tt l\u00e9tre, azzal a c\u00e9llal, hogy Magyarorsz\u00e1gon egy nemes c\u00e9l \u00e9rdek\u00e9ben m\u0171k\u00f6dj\u00f6n. Az egyes\u00fclet c\u00e9lja: &#8211; tehets\u00e9gkiv\u00e1laszt\u00e1s, &#8211; mentor\u00e1l\u00e1s, &#8211; oktat\u00e1sfejleszt\u00e9s,&#8230;<\/p>","protected":false},"author":1,"featured_media":0,"parent":0,"menu_order":0,"comment_status":"closed","ping_status":"closed","template":"","meta":{"ngg_post_thumbnail":0},"_links":{"self":[{"href":"https:\/\/magyartfe.hu\/en\/wp-json\/wp\/v2\/pages\/11410"}],"collection":[{"href":"https:\/\/magyartfe.hu\/en\/wp-json\/wp\/v2\/pages"}],"about":[{"href":"https:\/\/magyartfe.hu\/en\/wp-json\/wp\/v2\/types\/page"}],"author":[{"embeddable":true,"href":"https:\/\/magyartfe.hu\/en\/wp-json\/wp\/v2\/users\/1"}],"replies":[{"embeddable":true,"href":"https:\/\/magyartfe.hu\/en\/wp-json\/wp\/v2\/comments?post=11410"}],"version-history":[{"count":60,"href":"https:\/\/magyartfe.hu\/en\/wp-json\/wp\/v2\/pages\/11410\/revisions"}],"predecessor-version":[{"id":19480,"href":"https:\/\/magyartfe.hu\/en\/wp-json\/wp\/v2\/pages\/11410\/revisions\/19480"}],"wp:attachment":[{"href":"https:\/\/magyartfe.hu\/en\/wp-json\/wp\/v2\/media?parent=11410"}],"curies":[{"name":"wp","href":"https:\/\/api.w.org\/{rel}","templated":true}]}}