{"id":18587,"date":"2023-10-26T21:37:33","date_gmt":"2023-10-26T21:37:33","guid":{"rendered":"https:\/\/magyartfe.hu\/?page_id=18587"},"modified":"2025-01-21T19:52:06","modified_gmt":"2025-01-21T19:52:06","slug":"ado","status":"publish","type":"page","link":"https:\/\/magyartfe.hu\/en\/ado\/","title":{"rendered":"Ad\u00f3"},"content":{"rendered":"<div class=\"vgblk-rw-wrapper limit-wrapper\">\r\n<h1>Donate 1% of your tax<\/h1>\r\n<h4>T\u00e1mogasd ad\u00f3d 1%-\u00e1val a Magyar Tehets\u00e9gkutat\u00f3 \u00e9s Fejleszt\u0151 Egyes\u00fclet munk\u00e1j\u00e1t.<\/h4>\r\n<p>To do this you will need to use the following details in your tax declaration:<br>Recipient name: Magyar Tehets\u00e9gkutat\u00f3 \u00e9s Fejleszt\u0151 Egyes\u00fclet<br>Ad\u00f3sz\u00e1m: 19249124-1-41 Post\u00e1z\u00e1si c\u00edm:<br>Nemzeti Ad\u00f3 \u00e9s V\u00e1mhivatal (NAV)<br>1373 Budapest, Pf. 561. A NAV oldal\u00e1n is elolvashatod a<br>In Hungarian language:&nbsp;<a href=\"https:\/\/www.nav.gov.hu\/nav\/szja\/szja\">https:\/\/www.nav.gov.hu\/nav\/szja\/szja<\/a> If you have any questions with regards to our activities or the donation of 1% of your tax bill, please do not hesitate to contact us at\nmagyartfe@gmail.com<br>kapcsolatban, keress minket a magyartfe@gmail.com&nbsp;e-mail c\u00edmen! <img","protected":false},"excerpt":{"rendered":"<p>Ad\u00f3 1 % t\u00e1mogat\u00e1sa T\u00e1mogasd ad\u00f3d 1%-\u00e1val a Magyar Tehets\u00e9gkutat\u00f3 \u00e9s Fejleszt\u0151 Egyes\u00fclet munk\u00e1j\u00e1t. A felaj\u00e1nl\u00e1shoz a k\u00f6vetkez\u0151 adatokra van sz\u00fcks\u00e9ged:N\u00e9v: Magyar Tehets\u00e9gkutat\u00f3 \u00e9s Fejleszt\u0151 Egyes\u00fcletAd\u00f3sz\u00e1m: 19249124-1-41 Post\u00e1z\u00e1si c\u00edm:Nemzeti Ad\u00f3 \u00e9s V\u00e1mhivatal (NAV)1373 Budapest, Pf. 561. A NAV oldal\u00e1n is elolvashatod at\u00e1j\u00e9koztat\u00f3t:&nbsp;https:\/\/www.nav.gov.hu\/nav\/szja\/szja Ha k\u00e9rd\u00e9sed van tev\u00e9kenys\u00e9g\u00fcnkkel vagy az 1% felaj\u00e1nl\u00e1ssalkapcsolatban, keress minket a magyartfe@gmail.com&nbsp;e-mail c\u00edmen!<\/p>","protected":false},"author":1,"featured_media":0,"parent":0,"menu_order":0,"comment_status":"closed","ping_status":"closed","template":"","meta":{"ngg_post_thumbnail":0},"_links":{"self":[{"href":"https:\/\/magyartfe.hu\/en\/wp-json\/wp\/v2\/pages\/18587"}],"collection":[{"href":"https:\/\/magyartfe.hu\/en\/wp-json\/wp\/v2\/pages"}],"about":[{"href":"https:\/\/magyartfe.hu\/en\/wp-json\/wp\/v2\/types\/page"}],"author":[{"embeddable":true,"href":"https:\/\/magyartfe.hu\/en\/wp-json\/wp\/v2\/users\/1"}],"replies":[{"embeddable":true,"href":"https:\/\/magyartfe.hu\/en\/wp-json\/wp\/v2\/comments?post=18587"}],"version-history":[{"count":7,"href":"https:\/\/magyartfe.hu\/en\/wp-json\/wp\/v2\/pages\/18587\/revisions"}],"predecessor-version":[{"id":18793,"href":"https:\/\/magyartfe.hu\/en\/wp-json\/wp\/v2\/pages\/18587\/revisions\/18793"}],"wp:attachment":[{"href":"https:\/\/magyartfe.hu\/en\/wp-json\/wp\/v2\/media?parent=18587"}],"curies":[{"name":"wp","href":"https:\/\/api.w.org\/{rel}","templated":true}]}}