{"id":18985,"date":"2025-03-26T21:17:03","date_gmt":"2025-03-26T21:17:03","guid":{"rendered":"https:\/\/magyartfe.hu\/?page_id=18985"},"modified":"2026-02-08T18:58:44","modified_gmt":"2026-02-08T18:58:44","slug":"gallery-2023","status":"publish","type":"page","link":"https:\/\/magyartfe.hu\/en\/gallery-2023\/","title":{"rendered":"Gallery 2023"},"content":{"rendered":"<div class=\"vgblk-rw-wrapper limit-wrapper\">\n<div class=\"g-navi-container\">\n<p><!-- Gallery Navigation Card --><\/p>\n<div class=\"g-navi-card\">\n<div class=\"g-navi-header\"><!-- <img src=\"https:\/\/magyartfe.hu\/wp-content\/uploads\/2025\/01\/cropped-site_favicon_trnsp_575x575.png\" alt=\"Profile\" class=\"profile-image\">  --><\/p>\n<div class=\"g-navi-info\" style=\"background-color: #fef9e8;\">\n<h2 class=\"g-navi-title\">Gal\u00e9ria:<\/h2>\n<\/div>\n<div class=\"g-navi-info\" style=\"align-items: center;\">\n<h2 class=\"g-navi-title\"><a style=\"text-decoration: none; display: block;\" href=\"https:\/\/magyartfe.hu\/en\/wp-content\/gallery-2026\/\">2026<\/a><\/h2>\n<\/div>\n<div class=\"g-navi-info\" style=\"align-items: center;\">\n<h2 class=\"g-navi-title\"><a style=\"text-decoration: none; display: block;\" href=\"https:\/\/magyartfe.hu\/en\/wp-content\/gallery-2025\/\">2025<\/a><\/h2>\n<\/div>\n<div class=\"g-navi-info\" style=\"align-items: center;\">\n<h2 class=\"g-navi-title\"><a style=\"text-decoration: none; display: block;\" href=\"https:\/\/magyartfe.hu\/en\/wp-content\/gallery-2024\/\">2024<\/a><\/h2>\n<\/div>\n<div class=\"g-navi-info\" style=\"align-items: center; background-color: #fceebf;\">\n<h2 class=\"g-navi-title\"><a style=\"text-decoration: none; display: block;\" href=\"https:\/\/magyartfe.hu\/en\/wp-content\/gallery-2023\/\">2023<\/a><\/h2>\n<\/div>\n<div class=\"g-navi-info\" style=\"align-items: center;\">\n<h2 class=\"g-navi-title\"><a style=\"text-decoration: none; display: block;\" href=\"https:\/\/magyartfe.hu\/en\/wp-content\/gallery-2022\/\">2022<\/a><\/h2>\n<\/div>\n<\/div>\n<\/div>\n<\/div>\n<div class=\"article-container\">\n<div class=\"articles-grid\">\n<p><!-- Article Card --><\/p>\n<div class=\"article-card\">\n<div class=\"card-header\">\n<p><img class=\"profile-image\" src=\"https:\/\/magyartfe.hu\/wp-content\/uploads\/2025\/01\/cropped-site_favicon_trnsp_575x575.png\" alt=\"Profile\"><\/p>\n<div class=\"card-info\">\n<h3 class=\"organization-name\">A pedag\u00f3gus, mint az oktat\u00e1s j\u00f6v\u0151form\u00e1l\u00f3ja, a Mesters\u00e9ges Intelligencia t\u00fckr\u00e9ben<\/h3>\n<\/div>\n<\/div>\n<div class=\"card-content\"><a href=\"https:\/\/magyartfe.hu\/en\/gallery-2023-10-18_pedagogus_mesterseges_intelligencia\/\"><br \/>\n<img class=\"article-image\" src=\"https:\/\/magyartfe.hu\/wp-content\/uploads\/photo-gallery\/2023-10-18_pedagogus_mesterseges_intelligencia\/thumb\/profile.jpg\" alt=\"Article\"><br \/>\n<\/a><br \/>\n<span class=\"date\">2023. okt\u00f3ber 18.<\/span><\/div>\n<\/div>\n<p><!-- Article Card --><\/p>\n<div class=\"article-card\">\n<div class=\"card-header\">\n<p><img class=\"profile-image\" src=\"https:\/\/magyartfe.hu\/wp-content\/uploads\/2025\/01\/cropped-site_favicon_trnsp_575x575.png\" alt=\"Profile\"><\/p>\n<div class=\"card-info\">\n<h3 class=\"organization-name\">Reziliencia el\u0151ad\u00e1s \u00e1ltal\u00e1nos \u00e9s k\u00f6z\u00e9piskol\u00e1s tanul\u00f3k r\u00e9sz\u00e9re<\/h3>\n<\/div>\n<\/div>\n<div class=\"card-content\"><a href=\"https:\/\/magyartfe.hu\/en\/gallery-2023-10-11_reziliencia_eloadas\/\"><br \/>\n<img class=\"article-image\" src=\"https:\/\/magyartfe.hu\/wp-content\/uploads\/photo-gallery\/2023-10-11_reziliencia_eloadas\/thumb\/profile.jpg\" alt=\"Article\"><br \/>\n<\/a><br \/>\n<span class=\"date\">2023. okt\u00f3ber 11.<\/span><\/div>\n<\/div>\n<p><!-- Article Card --><\/p>\n<div class=\"article-card\">\n<div class=\"card-header\">\n<p><img class=\"profile-image\" src=\"https:\/\/magyartfe.hu\/wp-content\/uploads\/2025\/01\/cropped-site_favicon_trnsp_575x575.png\" alt=\"Profile\"><\/p>\n<div class=\"card-info\">\n<h3 class=\"organization-name\">A Facebook, az Instagram \u00e9s a TikTok el\u0151nyei, h\u00e1tr\u00e1nyai, esetleges buktat\u00f3i pszichol\u00f3gus el\u0151ad\u00e1s<\/h3>\n<\/div>\n<\/div>\n<div class=\"card-content\"><a href=\"https:\/\/magyartfe.hu\/en\/gallery-2023-10-04_fb_instagram_tiktok\/\"><br \/>\n<img class=\"article-image\" src=\"https:\/\/magyartfe.hu\/wp-content\/uploads\/photo-gallery\/2023-10-04_fb_instagram_tiktok\/thumb\/profile.jpg\" alt=\"Article\"><br \/>\n<\/a><br \/>\n<span class=\"date\">2023. okt\u00f3ber 4.<\/span><\/div>\n<\/div>\n<p><!-- Article Card --><\/p>\n<div class=\"article-card\">\n<div class=\"card-header\">\n<p><img class=\"profile-image\" src=\"https:\/\/magyartfe.hu\/wp-content\/uploads\/2025\/01\/cropped-site_favicon_trnsp_575x575.png\" alt=\"Profile\"><\/p>\n<div class=\"card-info\">\n<h3 class=\"organization-name\">Ny\u00e1rindit\u00f3 tehets\u00e9gt\u00e1bor \u00e1ltal\u00e1nos iskol\u00e1s tanul\u00f3k r\u00e9sz\u00e9re, Szemere<\/h3>\n<\/div>\n<\/div>\n<div class=\"card-content\"><a href=\"https:\/\/magyartfe.hu\/en\/gallery-2023-06-26-30_nyarindito_szemere\/\"><br \/>\n<img class=\"article-image\" src=\"https:\/\/magyartfe.hu\/wp-content\/uploads\/photo-gallery\/2023-06-26-30_nyarindito_szemere\/thumb\/profile.jpg\" alt=\"Article\"><br \/>\n<\/a><br \/>\n<span class=\"date\">Szemere, 2023. j\u00fanius 26-30.<\/span><\/div>\n<\/div>\n<p><!-- Article Card --><\/p>\n<div class=\"article-card\">\n<div class=\"card-header\">\n<p><img class=\"profile-image\" src=\"https:\/\/magyartfe.hu\/wp-content\/uploads\/2025\/01\/cropped-site_favicon_trnsp_575x575.png\" alt=\"Profile\"><\/p>\n<div class=\"card-info\">\n<h3 class=\"organization-name\">Tehets\u00e9ges \u00f3vod\u00e1s gyermekek utaztat\u00e1sa a MiniPolisz-ba, Budapest<\/h3>\n<\/div>\n<\/div>\n<div class=\"card-content\"><a href=\"https:\/\/magyartfe.hu\/en\/gallery-2023-05-31_minipolisz_budapest\/\"><br \/>\n<img class=\"article-image\" src=\"https:\/\/magyartfe.hu\/wp-content\/uploads\/photo-gallery\/2023-05-31_minipolisz_budapest\/thumb\/profile.jpg\" alt=\"Article\"><br \/>\n<\/a><br \/>\n<span class=\"date\">Budapest, 2023. m\u00e1jus 31.<\/span><\/div>\n<\/div>\n<p><!-- Article Card --><\/p>\n<div class=\"article-card\">\n<div class=\"card-header\">\n<p><img class=\"profile-image\" src=\"https:\/\/magyartfe.hu\/wp-content\/uploads\/2025\/01\/cropped-site_favicon_trnsp_575x575.png\" alt=\"Profile\"><\/p>\n<div class=\"card-info\">\n<h3 class=\"organization-name\">&#8220;Tehets\u00e9g, L\u00e9lek, Hit&#8221; I. Pedag\u00f3gus Konferencia<\/h3>\n<\/div>\n<\/div>\n<div class=\"card-content\"><a href=\"https:\/\/magyartfe.hu\/en\/gallery-2023-04-27_tehetseg_lelek_hit_i\/\"><br \/>\n<img class=\"article-image\" src=\"https:\/\/magyartfe.hu\/wp-content\/uploads\/photo-gallery\/2023-04-27_tehetseg_lelek_hit_i\/thumb\/profile.jpg\" alt=\"Article\"><br \/>\n<\/a><br \/>\n<span class=\"date\">2023. \u00e1prilis 27.<\/span><\/div>\n<\/div>\n<\/div>\n<\/div>\n<\/div>\n<\/div>\n<p><!-- .vgblk-rw-wrapper --><\/p>","protected":false},"excerpt":{"rendered":"<p>Gal\u00e9ria: 2026 2025 2024 2023 2022 A pedag\u00f3gus, mint az oktat\u00e1s j\u00f6v\u0151form\u00e1l\u00f3ja, a Mesters\u00e9ges Intelligencia t\u00fckr\u00e9ben 2023. okt\u00f3ber 18. Reziliencia el\u0151ad\u00e1s \u00e1ltal\u00e1nos \u00e9s k\u00f6z\u00e9piskol\u00e1s tanul\u00f3k r\u00e9sz\u00e9re 2023. okt\u00f3ber 11. A Facebook, az Instagram \u00e9s a TikTok el\u0151nyei, h\u00e1tr\u00e1nyai, esetleges buktat\u00f3i pszichol\u00f3gus el\u0151ad\u00e1s 2023. okt\u00f3ber 4. Ny\u00e1rindit\u00f3 tehets\u00e9gt\u00e1bor \u00e1ltal\u00e1nos iskol\u00e1s tanul\u00f3k r\u00e9sz\u00e9re, Szemere Szemere, 2023. j\u00fanius&#8230;<\/p>","protected":false},"author":2,"featured_media":0,"parent":0,"menu_order":0,"comment_status":"closed","ping_status":"closed","template":"","meta":{"ngg_post_thumbnail":0},"_links":{"self":[{"href":"https:\/\/magyartfe.hu\/en\/wp-json\/wp\/v2\/pages\/18985"}],"collection":[{"href":"https:\/\/magyartfe.hu\/en\/wp-json\/wp\/v2\/pages"}],"about":[{"href":"https:\/\/magyartfe.hu\/en\/wp-json\/wp\/v2\/types\/page"}],"author":[{"embeddable":true,"href":"https:\/\/magyartfe.hu\/en\/wp-json\/wp\/v2\/users\/2"}],"replies":[{"embeddable":true,"href":"https:\/\/magyartfe.hu\/en\/wp-json\/wp\/v2\/comments?post=18985"}],"version-history":[{"count":6,"href":"https:\/\/magyartfe.hu\/en\/wp-json\/wp\/v2\/pages\/18985\/revisions"}],"predecessor-version":[{"id":19444,"href":"https:\/\/magyartfe.hu\/en\/wp-json\/wp\/v2\/pages\/18985\/revisions\/19444"}],"wp:attachment":[{"href":"https:\/\/magyartfe.hu\/en\/wp-json\/wp\/v2\/media?parent=18985"}],"curies":[{"name":"wp","href":"https:\/\/api.w.org\/{rel}","templated":true}]}}