{"id":18987,"date":"2025-03-26T21:19:59","date_gmt":"2025-03-26T21:19:59","guid":{"rendered":"https:\/\/magyartfe.hu\/?page_id=18987"},"modified":"2026-02-08T18:50:55","modified_gmt":"2026-02-08T18:50:55","slug":"gallery-2022","status":"publish","type":"page","link":"https:\/\/magyartfe.hu\/en\/gallery-2022\/","title":{"rendered":"Gallery 2022"},"content":{"rendered":"<div class=\"vgblk-rw-wrapper limit-wrapper\">\n<div class=\"g-navi-container\">\n<p><!-- Gallery Navigation Card --><\/p>\n<div class=\"g-navi-card\">\n<div class=\"g-navi-header\"><!-- <img src=\"https:\/\/magyartfe.hu\/wp-content\/uploads\/2025\/01\/cropped-site_favicon_trnsp_575x575.png\" alt=\"Profile\" class=\"profile-image\">  --><\/p>\n<div class=\"g-navi-info\" style=\"background-color: #fef9e8;\">\n<h2 class=\"g-navi-title\">Gal\u00e9ria:<\/h2>\n<\/div>\n<div class=\"g-navi-info\" style=\"align-items: center;\">\n<h2 class=\"g-navi-title\"><a style=\"text-decoration: none; display: block;\" href=\"https:\/\/magyartfe.hu\/en\/wp-content\/gallery-2026\/\">2026<\/a><\/h2>\n<\/div>\n<div class=\"g-navi-info\" style=\"align-items: center;\">\n<h2 class=\"g-navi-title\"><a style=\"text-decoration: none; display: block;\" href=\"https:\/\/magyartfe.hu\/en\/wp-content\/gallery-2025\/\">2025<\/a><\/h2>\n<\/div>\n<div class=\"g-navi-info\" style=\"align-items: center;\">\n<h2 class=\"g-navi-title\"><a style=\"text-decoration: none; display: block;\" href=\"https:\/\/magyartfe.hu\/en\/wp-content\/gallery-2024\/\">2024<\/a><\/h2>\n<\/div>\n<div class=\"g-navi-info\" style=\"align-items: center;\">\n<h2 class=\"g-navi-title\"><a style=\"text-decoration: none; display: block;\" href=\"https:\/\/magyartfe.hu\/en\/wp-content\/gallery-2023\/\">2023<\/a><\/h2>\n<\/div>\n<div class=\"g-navi-info\" style=\"align-items: center; background-color: #fceebf;\">\n<h2 class=\"g-navi-title\"><a style=\"text-decoration: none; display: block;\" href=\"https:\/\/magyartfe.hu\/en\/wp-content\/gallery-2022\/\">2022<\/a><\/h2>\n<\/div>\n<\/div>\n<\/div>\n<\/div>\n<div class=\"article-container\">\n<div class=\"articles-grid\">\n<p><!-- Article Card --><\/p>\n<div class=\"article-card\">\n<div class=\"card-header\">\n<p><img class=\"profile-image\" src=\"https:\/\/magyartfe.hu\/wp-content\/uploads\/2025\/01\/cropped-site_favicon_trnsp_575x575.png\" alt=\"Profile\"><\/p>\n<div class=\"card-info\">\n<h3 class=\"organization-name\">Tehets\u00e9ges gyermekek komplex fejleszt\u0151csomag t\u00e1mogat\u00e1sa<\/h3>\n<\/div>\n<\/div>\n<div class=\"card-content\"><a href=\"https:\/\/magyartfe.hu\/en\/gallery-2022-12-14-15_komplex_fejlesztocsomag\/\"><br \/>\n<img class=\"article-image\" src=\"https:\/\/magyartfe.hu\/wp-content\/uploads\/photo-gallery\/2022-12-14-15_komplex_fejlesztocsomag\/thumb\/profile.jpg\" alt=\"Article\"><br \/>\n<\/a><br \/>\n<span class=\"date\">2022. december 14-15.<\/span><\/div>\n<\/div>\n<p><!-- Article Card --><\/p>\n<div class=\"article-card\">\n<div class=\"card-header\">\n<p><img class=\"profile-image\" src=\"https:\/\/magyartfe.hu\/wp-content\/uploads\/2025\/01\/cropped-site_favicon_trnsp_575x575.png\" alt=\"Profile\"><\/p>\n<div class=\"card-info\">\n<h3 class=\"organization-name\">Sz\u00fcl\u0151i kompetenciafejleszt\u00e9s \u00e1ltal\u00e1nos iskol\u00e1s tanul\u00f3k \u00e9s sz\u00fcleik \u00e9s \u00f3vod\u00e1s gyermekek \u00e9s sz\u00fcleik r\u00e9sz\u00e9re<\/h3>\n<\/div>\n<\/div>\n<div class=\"card-content\"><a href=\"https:\/\/magyartfe.hu\/en\/gallery-2022-11-09-10_kompetenciafejlesztes\/\"><br \/>\n<img class=\"article-image\" src=\"https:\/\/magyartfe.hu\/wp-content\/uploads\/photo-gallery\/2022-11-09-10_kompetenciafejlesztes\/thumb\/profile.jpg\" alt=\"Article\"><br \/>\n<\/a><br \/>\n<span class=\"date\">2022. november 9-10.<\/span><\/div>\n<\/div>\n<\/div>\n<\/div>\n<\/div>\n<p><!-- .vgblk-rw-wrapper --><\/p>","protected":false},"excerpt":{"rendered":"<p>Gal\u00e9ria: 2026 2025 2024 2023 2022 Tehets\u00e9ges gyermekek komplex fejleszt\u0151csomag t\u00e1mogat\u00e1sa 2022. december 14-15. Sz\u00fcl\u0151i kompetenciafejleszt\u00e9s \u00e1ltal\u00e1nos iskol\u00e1s tanul\u00f3k \u00e9s sz\u00fcleik \u00e9s \u00f3vod\u00e1s gyermekek \u00e9s sz\u00fcleik r\u00e9sz\u00e9re 2022. november 9-10.<\/p>","protected":false},"author":2,"featured_media":0,"parent":0,"menu_order":0,"comment_status":"closed","ping_status":"closed","template":"","meta":{"ngg_post_thumbnail":0},"_links":{"self":[{"href":"https:\/\/magyartfe.hu\/en\/wp-json\/wp\/v2\/pages\/18987"}],"collection":[{"href":"https:\/\/magyartfe.hu\/en\/wp-json\/wp\/v2\/pages"}],"about":[{"href":"https:\/\/magyartfe.hu\/en\/wp-json\/wp\/v2\/types\/page"}],"author":[{"embeddable":true,"href":"https:\/\/magyartfe.hu\/en\/wp-json\/wp\/v2\/users\/2"}],"replies":[{"embeddable":true,"href":"https:\/\/magyartfe.hu\/en\/wp-json\/wp\/v2\/comments?post=18987"}],"version-history":[{"count":6,"href":"https:\/\/magyartfe.hu\/en\/wp-json\/wp\/v2\/pages\/18987\/revisions"}],"predecessor-version":[{"id":19442,"href":"https:\/\/magyartfe.hu\/en\/wp-json\/wp\/v2\/pages\/18987\/revisions\/19442"}],"wp:attachment":[{"href":"https:\/\/magyartfe.hu\/en\/wp-json\/wp\/v2\/media?parent=18987"}],"curies":[{"name":"wp","href":"https:\/\/api.w.org\/{rel}","templated":true}]}}