{"id":19438,"date":"2026-02-08T18:27:51","date_gmt":"2026-02-08T18:27:51","guid":{"rendered":"https:\/\/magyartfe.hu\/?page_id=19438"},"modified":"2026-03-09T00:16:01","modified_gmt":"2026-03-09T00:16:01","slug":"gallery-2026","status":"publish","type":"page","link":"https:\/\/magyartfe.hu\/en\/gallery-2026\/","title":{"rendered":"Gallery 2026"},"content":{"rendered":"<div class=\"vgblk-rw-wrapper limit-wrapper\">\n<div class=\"g-navi-container\">\n<p><!-- Gallery Navigation Card --><\/p>\n<div class=\"g-navi-card\">\n<div class=\"g-navi-header\"><!-- <img src=\"https:\/\/magyartfe.hu\/wp-content\/uploads\/2025\/01\/cropped-site_favicon_trnsp_575x575.png\" alt=\"Profile\" class=\"profile-image\">  --><\/p>\n<div class=\"g-navi-info\" style=\"background-color: #fef9e8;\">\n<h2 class=\"g-navi-title\">Gal\u00e9ria:<\/h2>\n<\/div>\n<div class=\"g-navi-info\" style=\"align-items: center; background-color: #fceebf;\">\n<h2 class=\"g-navi-title\"><a style=\"text-decoration: none; display: block;\" href=\"https:\/\/magyartfe.hu\/en\/wp-content\/gallery-2026\/\">2026<\/a><\/h2>\n<\/div>\n<div class=\"g-navi-info\" style=\"align-items: center;\">\n<h2 class=\"g-navi-title\"><a style=\"text-decoration: none; display: block;\" href=\"https:\/\/magyartfe.hu\/en\/wp-content\/gallery-2025\/\">2025<\/a><\/h2>\n<\/div>\n<div class=\"g-navi-info\" style=\"align-items: center;\">\n<h2 class=\"g-navi-title\"><a style=\"text-decoration: none; display: block;\" href=\"https:\/\/magyartfe.hu\/en\/wp-content\/gallery-2024\/\">2024<\/a><\/h2>\n<\/div>\n<div class=\"g-navi-info\" style=\"align-items: center;\">\n<h2 class=\"g-navi-title\"><a style=\"text-decoration: none; display: block;\" href=\"https:\/\/magyartfe.hu\/en\/wp-content\/gallery-2023\/\">2023<\/a><\/h2>\n<\/div>\n<div class=\"g-navi-info\" style=\"align-items: center;\">\n<h2 class=\"g-navi-title\"><a style=\"text-decoration: none; display: block;\" href=\"https:\/\/magyartfe.hu\/en\/wp-content\/gallery-2022\/\">2022<\/a><\/h2>\n<\/div>\n<\/div>\n<\/div>\n<\/div>\n<div class=\"article-container\">\n<div class=\"articles-grid\">\n<p><!------------------------------------------------------------------------------------------------------><\/p>\n<p><!-- Article Card 01--><\/p>\n<div class=\"article-card\">\n<div class=\"card-header\"><img class=\"profile-image\" src=\"https:\/\/magyartfe.hu\/wp-content\/uploads\/2025\/01\/cropped-site_favicon_trnsp_575x575.png\" alt=\"Profile\"><\/p>\n<div class=\"card-info\">\n<h3 class=\"organization-name\">Csiribiri egy\u00fcttes zen\u00e9s, t\u00e1ncos fejleszt\u0151el\u0151ad\u00e1sa \u00f3vod\u00e1s gyermekeknek, Sziksz\u00f3i V\u00e1rosi \u00d3voda<\/h3>\n<\/div>\n<\/div>\n<div class=\"card-content\"><a href=\"https:\/\/magyartfe.hu\/en\/gallery-2026-02-12_csiribiri_szikszo\/\"><br \/>\n<img class=\"article-image\" src=\"https:\/\/magyartfe.hu\/wp-content\/uploads\/photo-gallery\/2026-02-12_csiribiri_szikszo\/thumb\/profile.jpg\" alt=\"Article\"><br \/>\n<\/a><br \/>\n<span class=\"date\">Sziksz\u00f3, 2026. febru\u00e1r 12.<\/span><\/div>\n<\/div>\n<p><!------------------------------------------------------------------------------------------------------><\/p>\n<p><!-- Article Card 06--><\/p>\n<div class=\"article-card\">\n<div class=\"card-header\"><img class=\"profile-image\" src=\"https:\/\/magyartfe.hu\/wp-content\/uploads\/2025\/01\/cropped-site_favicon_trnsp_575x575.png\" alt=\"Profile\"><\/p>\n<div class=\"card-info\">\n<h3 class=\"organization-name\">PomPom Fam\u00edlia Farsangi zen\u00e9s, t\u00e1ncos fejleszt\u0151el\u0151ad\u00e1s Szemerei Mesakast\u00e9ly \u00d3voda<\/h3>\n<\/div>\n<\/div>\n<div class=\"card-content\"><a href=\"https:\/\/magyartfe.hu\/en\/gallery-2026-02-04_pompom_szemere\/\"><br \/>\n<img class=\"article-image\" src=\"https:\/\/magyartfe.hu\/wp-content\/uploads\/photo-gallery\/2026-02-04_pompom_szemere\/thumb\/profile.jpeg\" alt=\"Article\"><br \/>\n<\/a><br \/>\n<span class=\"date\">Szemere, 2026. febru\u00e1r 4.<\/span><\/div>\n<\/div>\n<p><!-- Article Card 05--><\/p>\n<div class=\"article-card\">\n<div class=\"card-header\"><img class=\"profile-image\" src=\"https:\/\/magyartfe.hu\/wp-content\/uploads\/2025\/01\/cropped-site_favicon_trnsp_575x575.png\" alt=\"Profile\"><\/p>\n<div class=\"card-info\">\n<h3 class=\"organization-name\">PomPom Fam\u00edlia zen\u00e9s, t\u00e1ncos fejleszt\u0151el\u0151ad\u00e1s, Fels\u0151vad\u00e1szi \u00d3voda \u00e9s B\u00f6lcs\u0151de<\/h3>\n<\/div>\n<\/div>\n<div class=\"card-content\"><a href=\"https:\/\/magyartfe.hu\/en\/gallery-2026-02-04_pompom_felsovadasz\/\"><br \/>\n<img class=\"article-image\" src=\"https:\/\/magyartfe.hu\/wp-content\/uploads\/photo-gallery\/2026-02-04_pompom_felsovadasz\/thumb\/profile.jpg\" alt=\"Article\"><br \/>\n<\/a><br \/>\n<span class=\"date\">Fels\u0151vad\u00e1sz, 2026. febru\u00e1r 4.<\/span><\/div>\n<\/div>\n<p><!-- Article Card 04--><\/p>\n<div class=\"article-card\">\n<div class=\"card-header\"><img class=\"profile-image\" src=\"https:\/\/magyartfe.hu\/wp-content\/uploads\/2025\/01\/cropped-site_favicon_trnsp_575x575.png\" alt=\"Profile\"><\/p>\n<div class=\"card-info\">\n<h3 class=\"organization-name\">PomPom Fam\u00edlia zen\u00e9s, t\u00e1ncos fejleszt\u0151el\u0151ad\u00e1s, In\u00e1ncsi \u00d3voda \u00e9s B\u00f6lcs\u0151de<\/h3>\n<\/div>\n<\/div>\n<div class=\"card-content\"><a href=\"https:\/\/magyartfe.hu\/en\/gallery-2026-02-04_pompom_inancs\/\"><br \/>\n<img class=\"article-image\" src=\"https:\/\/magyartfe.hu\/wp-content\/uploads\/photo-gallery\/2026-02-04_pompom_inancs\/thumb\/profile.jpg\" alt=\"Article\"><br \/>\n<\/a><br \/>\n<span class=\"date\">In\u00e1ncs, 2026. febru\u00e1r 4.<\/span><\/div>\n<\/div>\n<p><!-- Article Card 03 --><\/p>\n<div class=\"article-card\">\n<div class=\"card-header\"><img class=\"profile-image\" src=\"https:\/\/magyartfe.hu\/wp-content\/uploads\/2025\/01\/cropped-site_favicon_trnsp_575x575.png\" alt=\"Profile\"><\/p>\n<div class=\"card-info\">\n<h3 class=\"organization-name\">Mindfulness tr\u00e9ning Pedag\u00f3gusok r\u00e9sz\u00e9re, Szemere<\/h3>\n<\/div>\n<\/div>\n<div class=\"card-content\"><a href=\"https:\/\/magyartfe.hu\/en\/gallery-2026-02-03_mindfulness_szemere\/\"><br \/>\n<img class=\"article-image\" src=\"https:\/\/magyartfe.hu\/wp-content\/uploads\/photo-gallery\/2026-02-03_mindfulness_szemere\/thumb\/profile.jpg\" alt=\"Article\"><br \/>\n<\/a><br \/>\n<span class=\"date\">Szemere, 2026. febru\u00e1r 3.<\/span><\/div>\n<\/div>\n<p><!-- Article Card 02 --><\/p>\n<div class=\"article-card\">\n<div class=\"card-header\"><img class=\"profile-image\" src=\"https:\/\/magyartfe.hu\/wp-content\/uploads\/2025\/01\/cropped-site_favicon_trnsp_575x575.png\" alt=\"Profile\"><\/p>\n<div class=\"card-info\">\n<h3 class=\"organization-name\">Magyar Kult\u00fara Napja Szaval\u00f3verseny K\u00e1rolyi G\u00e1sp\u00e1r Magyar-Szlov\u00e1k K\u00e9t Tan\u00edt\u00e1si Nyelv\u0171 \u00c1ltal\u00e1nos Iskola, G\u00f6nc<\/h3>\n<\/div>\n<\/div>\n<div class=\"card-content\"><a href=\"https:\/\/magyartfe.hu\/en\/gallery-2026-01-29_szavaloverseny_gonc\/\"><br \/>\n<img class=\"article-image\" src=\"https:\/\/magyartfe.hu\/wp-content\/uploads\/photo-gallery\/2026-01-29_szavaloverseny_gonc\/thumb\/profile.jpg\" alt=\"Article\"><br \/>\n<\/a><br \/>\n<span class=\"date\">G\u00f6nc, 2026. janu\u00e1r 29.<\/span><\/div>\n<\/div>\n<p><!-- Article Card 01--><\/p>\n<div class=\"article-card\">\n<div class=\"card-header\"><img class=\"profile-image\" src=\"https:\/\/magyartfe.hu\/wp-content\/uploads\/2025\/01\/cropped-site_favicon_trnsp_575x575.png\" alt=\"Profile\"><\/p>\n<div class=\"card-info\">\n<h3 class=\"organization-name\">Vid\u00e1m V\u00e1ndorok zen\u00e9s, fejleszt\u0151el\u0151ad\u00e1s \u00f3vod\u00e1s gyermekek r\u00e9sz\u00e9re Sziksz\u00f3 V\u00e1rosi \u00d3voda<\/h3>\n<\/div>\n<\/div>\n<div class=\"card-content\"><a href=\"https:\/\/magyartfe.hu\/en\/gallery-2026-01-08_vidam_vandorok_szikszo\/\"><br \/>\n<img class=\"article-image\" src=\"https:\/\/magyartfe.hu\/wp-content\/uploads\/photo-gallery\/2026-01-08_vidam_vandorok_szikszo\/thumb\/profile.jpg\" alt=\"Article\"><br \/>\n<\/a><br \/>\n<span class=\"date\">Sziksz\u00f3, 2026. janu\u00e1r 8.<\/span><\/div>\n<\/div>\n<p><!------------------------------------------------------------------------------------------------------><\/p>\n<\/div>\n<\/div>\n<\/div>\n<p><!-- .vgblk-rw-wrapper --><\/p>","protected":false},"excerpt":{"rendered":"<p>Gal\u00e9ria: 2026 2025 2024 2023 2022 Csiribiri egy\u00fcttes zen\u00e9s, t\u00e1ncos fejleszt\u0151el\u0151ad\u00e1sa \u00f3vod\u00e1s gyermekeknek, Sziksz\u00f3i V\u00e1rosi \u00d3voda Sziksz\u00f3, 2026. febru\u00e1r 12. PomPom Fam\u00edlia Farsangi zen\u00e9s, t\u00e1ncos fejleszt\u0151el\u0151ad\u00e1s Szemerei Mesakast\u00e9ly \u00d3voda Szemere, 2026. febru\u00e1r 4. PomPom Fam\u00edlia zen\u00e9s, t\u00e1ncos fejleszt\u0151el\u0151ad\u00e1s, Fels\u0151vad\u00e1szi \u00d3voda \u00e9s B\u00f6lcs\u0151de Fels\u0151vad\u00e1sz, 2026. febru\u00e1r 4. PomPom Fam\u00edlia zen\u00e9s, t\u00e1ncos fejleszt\u0151el\u0151ad\u00e1s, In\u00e1ncsi \u00d3voda \u00e9s B\u00f6lcs\u0151de&#8230;<\/p>","protected":false},"author":2,"featured_media":0,"parent":0,"menu_order":0,"comment_status":"closed","ping_status":"closed","template":"","meta":{"ngg_post_thumbnail":0},"_links":{"self":[{"href":"https:\/\/magyartfe.hu\/en\/wp-json\/wp\/v2\/pages\/19438"}],"collection":[{"href":"https:\/\/magyartfe.hu\/en\/wp-json\/wp\/v2\/pages"}],"about":[{"href":"https:\/\/magyartfe.hu\/en\/wp-json\/wp\/v2\/types\/page"}],"author":[{"embeddable":true,"href":"https:\/\/magyartfe.hu\/en\/wp-json\/wp\/v2\/users\/2"}],"replies":[{"embeddable":true,"href":"https:\/\/magyartfe.hu\/en\/wp-json\/wp\/v2\/comments?post=19438"}],"version-history":[{"count":6,"href":"https:\/\/magyartfe.hu\/en\/wp-json\/wp\/v2\/pages\/19438\/revisions"}],"predecessor-version":[{"id":19468,"href":"https:\/\/magyartfe.hu\/en\/wp-json\/wp\/v2\/pages\/19438\/revisions\/19468"}],"wp:attachment":[{"href":"https:\/\/magyartfe.hu\/en\/wp-json\/wp\/v2\/media?parent=19438"}],"curies":[{"name":"wp","href":"https:\/\/api.w.org\/{rel}","templated":true}]}}